{"id":1310,"date":"2026-04-22T18:18:58","date_gmt":"2026-04-22T18:18:58","guid":{"rendered":"https:\/\/www.puntacaracol.com.pa\/?page_id=1310"},"modified":"2026-04-22T18:25:28","modified_gmt":"2026-04-22T18:25:28","slug":"book-now","status":"publish","type":"page","link":"https:\/\/www.puntacaracol.com.pa\/es\/book-now\/","title":{"rendered":"Book now"},"content":{"rendered":"<div data-elementor-type=\"wp-page\" data-elementor-id=\"1310\" class=\"elementor elementor-1310\">\n\t\t\t\t\t\t<section class=\"elementor-section elementor-top-section elementor-element elementor-element-e3b258c elementor-section-height-min-height cs-section-content-fullwidth cs-parallax-on-scroll cs_scroll_y_80 elementor-section-boxed elementor-section-height-default elementor-section-items-middle\" data-id=\"e3b258c\" data-element_type=\"section\" data-e-type=\"section\" data-settings=\"{&quot;background_background&quot;:&quot;classic&quot;}\" data-cs-parallax-y=\"80\" style=\"background-image: none;\" data-cs-background-image=\"https:\/\/www.puntacaracol.com.pa\/wp-content\/uploads\/2025\/12\/Punta-Caracol-y-alrrededores-1-Photoroom-1.png\">\n\t\t\t\t\t\t\t<div class=\"elementor-background-overlay\"><\/div>\n\t\t\t\t\t\t\t<div class=\"elementor-container elementor-column-gap-no\">\n\t\t\t\t\t<div class=\"elementor-column elementor-col-100 elementor-top-column elementor-element elementor-element-573e1545 dark-color\" data-id=\"573e1545\" data-element_type=\"column\" data-e-type=\"column\">\n\t\t\t<div class=\"elementor-widget-wrap elementor-element-populated\">\n\t\t\t\t\t\t<div class=\"elementor-element elementor-element-7aa5a9a0 elementor-widget elementor-widget-cs_title\" data-id=\"7aa5a9a0\" data-element_type=\"widget\" data-e-type=\"widget\" data-widget_type=\"cs_title.default\">\n\t\t\t\t<div class=\"elementor-widget-container\">\n\t\t\t\t\t\n        <div class=\"cs-title-wrap text-center\">\t            <div class=\"cs-subtitle-wrap\"><span class=\"cs-subtitle color-white\">SUITES: Duerma sobre el mar. Palafitos sobre el agua construidos para el descanso, el romanticismo y la reconexi\u00f3n.<\/span><\/div>\t            <h1 class=\"cs-title\">\n\t                Punta Caracol Acqua Lodge\n\t            <\/h1>\t            <div class=\"cs-title-text\">\n\t                <p class=\"translation-block\">En Punta Caracol, cada palafito est\u00e1 hecho a mano y suspendido sobre las aguas calmas del Caribe.\nNo hay paredes entre vos y la naturaleza, solo el mar, el cielo y un espacio pensado para la simplicidad pura.\nAc\u00e1, el ritmo del oc\u00e9ano marca el pulso de tu d\u00eda.<\/p>\t            <\/div>        <\/div>\t\t\t\t<\/div>\n\t\t\t\t<\/div>\n\t\t\t\t\t<\/div>\n\t\t<\/div>\n\t\t\t\t\t<\/div>\n\t\t<\/section>\n\t\t\t\t<section class=\"elementor-section elementor-top-section elementor-element elementor-element-69e79fd5 cs-section-content-fullwidth elementor-section-boxed elementor-section-height-default elementor-section-height-default\" data-id=\"69e79fd5\" data-element_type=\"section\" data-e-type=\"section\" data-settings=\"{&quot;background_background&quot;:&quot;classic&quot;}\">\n\t\t\t\t\t\t<div class=\"elementor-container elementor-column-gap-no\">\n\t\t\t\t\t<div class=\"elementor-column elementor-col-100 elementor-top-column elementor-element elementor-element-1ecd1702\" data-id=\"1ecd1702\" data-element_type=\"column\" data-e-type=\"column\">\n\t\t\t<div class=\"elementor-widget-wrap elementor-element-populated\">\n\t\t\t\t\t\t<div class=\"elementor-element elementor-element-27112407 elementor-widget elementor-widget-cs_title\" data-id=\"27112407\" data-element_type=\"widget\" data-e-type=\"widget\" data-widget_type=\"cs_title.default\">\n\t\t\t\t<div class=\"elementor-widget-container\">\n\t\t\t\t\t\n        <div class=\"cs-title-wrap text-center\">\t            <div class=\"cs-subtitle-wrap\"><span class=\"cs-subtitle\">Todo lo esencial. Nada que te distraiga.<\/span><\/div>\t            <h3 class=\"cs-title\">\n\t                Qu\u00e9 incluye siempre\t            <\/h3>        <\/div>\t\t\t\t<\/div>\n\t\t\t\t<\/div>\n\t\t\t\t<div class=\"elementor-element elementor-element-8a71a95 elementor-widget elementor-widget-html\" data-id=\"8a71a95\" data-element_type=\"widget\" data-e-type=\"widget\" data-widget_type=\"html.default\">\n\t\t\t\t\t<script src=\"https:\/\/hotels.cloudbeds.com\/widget\/load\/VpfIJT\/float\"><\/script>\t\t\t\t<\/div>\n\t\t\t\t\t<\/div>\n\t\t<\/div>\n\t\t\t\t\t<\/div>\n\t\t<\/section>\n\t\t\t\t<section class=\"elementor-section elementor-top-section elementor-element elementor-element-5a4e4ab1 elementor-section-content-middle cs-section-content-fullwidth elementor-section-boxed elementor-section-height-default elementor-section-height-default\" data-id=\"5a4e4ab1\" data-element_type=\"section\" data-e-type=\"section\">\n\t\t\t\t\t\t<div class=\"elementor-container elementor-column-gap-no\">\n\t\t\t\t\t<div class=\"elementor-column elementor-col-100 elementor-top-column elementor-element elementor-element-30436c\" data-id=\"30436c\" data-element_type=\"column\" data-e-type=\"column\">\n\t\t\t<div class=\"elementor-widget-wrap\">\n\t\t\t\t\t\t\t<\/div>\n\t\t<\/div>\n\t\t\t\t\t<\/div>\n\t\t<\/section>\n\t\t\t\t<\/div>","protected":false},"excerpt":{"rendered":"<p>ROOMS &#8211; Sleep above the sea. Overwater palafitos built for rest, romance, and reconnection. Punta Caracol Acqua Lodge At Punta Caracol, every palafito is handcrafted and suspended over the calm waters of the Caribbean. No walls between you and nature\u2014just the sea, the sky, and a space designed for pure simplicity. Here, the rhythm of &#8230;<\/p>","protected":false},"author":3,"featured_media":0,"parent":0,"menu_order":0,"comment_status":"closed","ping_status":"closed","template":"elementor_header_footer","meta":{"cozystay_single_page_hide_site_header":"","cozystay_single_page_site_header_source":"","cozystay_single_page_custom_site_header":"0","cozystay_single_page_custom_sticky_site_header":"0","cozystay_single_page_hide_page_title":"","cozystay_single_page_header_section_size":"","cozystay_single_page_header_background_color":"","cozystay_single_page_header_background_position_x":"center","cozystay_single_page_header_background_position_y":"center","cozystay_single_page_header_background_size":"cover","cozystay_single_page_header_background_repeat":"off","cozystay_single_page_header_background_scroll":"on","cozystay_single_page_header_text_color":"","cozystay_single_page_header_show_breadcrumb":"","cozystay_single_page_site_footer_hide_main":"","cozystay_single_custom_site_footer_main_source":"","cozystay_single_custom_site_footer_main":"0","cozystay_single_page_site_footer_hide_above":"","cozystay_single_custom_site_footer_above_source":"","cozystay_single_custom_site_footer_above":"0","cozystay_single_page_site_footer_hide_instagram":"","cozystay_single_page_site_footer_hide_bottom":"","cozystay_single_custom_mobile_menu_source":"","cozystay_single_custom_mobile_menu":"0","cozystay_single_custom_mobile_menu_animation":"","cozystay_single_custom_mobile_menu_width":"","cozystay_single_custom_mobile_menu_custom_width":375,"footnotes":""},"class_list":["post-1310","page","type-page","status-publish","hentry"],"yoast_head":"<!-- This site is optimized with the Yoast SEO plugin v27.3 - https:\/\/yoast.com\/product\/yoast-seo-wordpress\/ -->\n<title>Palafitos sobre el mar en Bocas del Toro | Punta Caracol<\/title>\n<meta name=\"description\" content=\"Reserva tu caba\u00f1a sobre el agua en Bocas del Toro. Suites ecol\u00f3gicas con acceso directo al mar y vistas incre\u00edbles en Panam\u00e1.\" \/>\n<meta name=\"robots\" content=\"index, follow, max-snippet:-1, max-image-preview:large, max-video-preview:-1\" \/>\n<link rel=\"canonical\" href=\"https:\/\/www.puntacaracol.com.pa\/es\/book-now\/\" \/>\n<meta property=\"og:locale\" content=\"es_ES\" \/>\n<meta property=\"og:type\" content=\"article\" \/>\n<meta property=\"og:title\" content=\"Palafitos sobre el mar en Bocas del Toro | Punta Caracol\" \/>\n<meta property=\"og:description\" content=\"Reserva tu caba\u00f1a sobre el agua en Bocas del Toro. Suites ecol\u00f3gicas con acceso directo al mar y vistas incre\u00edbles en Panam\u00e1.\" \/>\n<meta property=\"og:url\" content=\"https:\/\/www.puntacaracol.com.pa\/es\/book-now\/\" \/>\n<meta property=\"og:site_name\" content=\"Punta Caracol\" \/>\n<meta property=\"article:publisher\" content=\"https:\/\/www.facebook.com\/PuntaCaracolBocas\/?locale=es_LA\" \/>\n<meta property=\"article:modified_time\" content=\"2026-04-22T18:25:28+00:00\" \/>\n<meta property=\"og:image\" content=\"https:\/\/www.puntacaracol.com.pa\/wp-content\/uploads\/2025\/12\/pc-logo-w.png\" \/>\n\t<meta property=\"og:image:width\" content=\"350\" \/>\n\t<meta property=\"og:image:height\" content=\"100\" \/>\n\t<meta property=\"og:image:type\" content=\"image\/png\" \/>\n<meta name=\"twitter:card\" content=\"summary_large_image\" \/>\n<meta name=\"twitter:label1\" content=\"Tiempo de lectura\" \/>\n\t<meta name=\"twitter:data1\" content=\"1 minuto\" \/>\n<script type=\"application\/ld+json\" class=\"yoast-schema-graph\">{\"@context\":\"https:\\\/\\\/schema.org\",\"@graph\":[{\"@type\":\"WebPage\",\"@id\":\"https:\\\/\\\/www.puntacaracol.com.pa\\\/book-now\\\/\",\"url\":\"https:\\\/\\\/www.puntacaracol.com.pa\\\/book-now\\\/\",\"name\":\"Palafitos sobre el mar en Bocas del Toro | Punta Caracol\",\"isPartOf\":{\"@id\":\"https:\\\/\\\/www.puntacaracol.com.pa\\\/#website\"},\"datePublished\":\"2026-04-22T18:18:58+00:00\",\"dateModified\":\"2026-04-22T18:25:28+00:00\",\"description\":\"Reserva tu caba\u00f1a sobre el agua en Bocas del Toro. Suites ecol\u00f3gicas con acceso directo al mar y vistas incre\u00edbles en Panam\u00e1.\",\"breadcrumb\":{\"@id\":\"https:\\\/\\\/www.puntacaracol.com.pa\\\/book-now\\\/#breadcrumb\"},\"inLanguage\":\"es\",\"potentialAction\":[{\"@type\":\"ReadAction\",\"target\":[\"https:\\\/\\\/www.puntacaracol.com.pa\\\/book-now\\\/\"]}]},{\"@type\":\"BreadcrumbList\",\"@id\":\"https:\\\/\\\/www.puntacaracol.com.pa\\\/book-now\\\/#breadcrumb\",\"itemListElement\":[{\"@type\":\"ListItem\",\"position\":1,\"name\":\"Portada\",\"item\":\"https:\\\/\\\/www.puntacaracol.com.pa\\\/\"},{\"@type\":\"ListItem\",\"position\":2,\"name\":\"Book now\"}]},{\"@type\":\"WebSite\",\"@id\":\"https:\\\/\\\/www.puntacaracol.com.pa\\\/#website\",\"url\":\"https:\\\/\\\/www.puntacaracol.com.pa\\\/\",\"name\":\"Punta Caracol - Bocas Del Toro, Panama\",\"description\":\"A floating hideaway in Bocas del Toro. Quiet, intimate, unforgettable.\",\"publisher\":{\"@id\":\"https:\\\/\\\/www.puntacaracol.com.pa\\\/#organization\"},\"alternateName\":\"Punta Caracol\",\"potentialAction\":[{\"@type\":\"SearchAction\",\"target\":{\"@type\":\"EntryPoint\",\"urlTemplate\":\"https:\\\/\\\/www.puntacaracol.com.pa\\\/?s={search_term_string}\"},\"query-input\":{\"@type\":\"PropertyValueSpecification\",\"valueRequired\":true,\"valueName\":\"search_term_string\"}}],\"inLanguage\":\"es\"},{\"@type\":\"Organization\",\"@id\":\"https:\\\/\\\/www.puntacaracol.com.pa\\\/#organization\",\"name\":\"Punta Caracol\",\"alternateName\":\"Punta Caracol Aqua Lodge\",\"url\":\"https:\\\/\\\/www.puntacaracol.com.pa\\\/\",\"logo\":{\"@type\":\"ImageObject\",\"inLanguage\":\"es\",\"@id\":\"https:\\\/\\\/www.puntacaracol.com.pa\\\/#\\\/schema\\\/logo\\\/image\\\/\",\"url\":\"https:\\\/\\\/www.puntacaracol.com.pa\\\/wp-content\\\/uploads\\\/2026\\\/03\\\/Hotel-Punta-Caracol.png\",\"contentUrl\":\"https:\\\/\\\/www.puntacaracol.com.pa\\\/wp-content\\\/uploads\\\/2026\\\/03\\\/Hotel-Punta-Caracol.png\",\"width\":112,\"height\":112,\"caption\":\"Punta Caracol\"},\"image\":{\"@id\":\"https:\\\/\\\/www.puntacaracol.com.pa\\\/#\\\/schema\\\/logo\\\/image\\\/\"},\"sameAs\":[\"https:\\\/\\\/www.facebook.com\\\/PuntaCaracolBocas\\\/?locale=es_LA\",\"https:\\\/\\\/www.instagram.com\\\/puntacaracol.acqualodge\\\/\"]}]}<\/script>\n<!-- \/ Yoast SEO plugin. -->","yoast_head_json":{"title":"Palafitos sobre el mar en Bocas del Toro | Punta Caracol","description":"Reserva tu caba\u00f1a sobre el agua en Bocas del Toro. Suites ecol\u00f3gicas con acceso directo al mar y vistas incre\u00edbles en Panam\u00e1.","robots":{"index":"index","follow":"follow","max-snippet":"max-snippet:-1","max-image-preview":"max-image-preview:large","max-video-preview":"max-video-preview:-1"},"canonical":"https:\/\/www.puntacaracol.com.pa\/es\/book-now\/","og_locale":"es_ES","og_type":"article","og_title":"Palafitos sobre el mar en Bocas del Toro | Punta Caracol","og_description":"Reserva tu caba\u00f1a sobre el agua en Bocas del Toro. Suites ecol\u00f3gicas con acceso directo al mar y vistas incre\u00edbles en Panam\u00e1.","og_url":"https:\/\/www.puntacaracol.com.pa\/es\/book-now\/","og_site_name":"Punta Caracol","article_publisher":"https:\/\/www.facebook.com\/PuntaCaracolBocas\/?locale=es_LA","article_modified_time":"2026-04-22T18:25:28+00:00","og_image":[{"width":350,"height":100,"url":"https:\/\/www.puntacaracol.com.pa\/wp-content\/uploads\/2025\/12\/pc-logo-w.png","type":"image\/png"}],"twitter_card":"summary_large_image","twitter_misc":{"Tiempo de lectura":"1 minuto"},"schema":{"@context":"https:\/\/schema.org","@graph":[{"@type":"WebPage","@id":"https:\/\/www.puntacaracol.com.pa\/book-now\/","url":"https:\/\/www.puntacaracol.com.pa\/book-now\/","name":"Palafitos sobre el mar en Bocas del Toro | Punta Caracol","isPartOf":{"@id":"https:\/\/www.puntacaracol.com.pa\/#website"},"datePublished":"2026-04-22T18:18:58+00:00","dateModified":"2026-04-22T18:25:28+00:00","description":"Reserva tu caba\u00f1a sobre el agua en Bocas del Toro. Suites ecol\u00f3gicas con acceso directo al mar y vistas incre\u00edbles en Panam\u00e1.","breadcrumb":{"@id":"https:\/\/www.puntacaracol.com.pa\/book-now\/#breadcrumb"},"inLanguage":"es","potentialAction":[{"@type":"ReadAction","target":["https:\/\/www.puntacaracol.com.pa\/book-now\/"]}]},{"@type":"BreadcrumbList","@id":"https:\/\/www.puntacaracol.com.pa\/book-now\/#breadcrumb","itemListElement":[{"@type":"ListItem","position":1,"name":"Portada","item":"https:\/\/www.puntacaracol.com.pa\/"},{"@type":"ListItem","position":2,"name":"Book now"}]},{"@type":"WebSite","@id":"https:\/\/www.puntacaracol.com.pa\/#website","url":"https:\/\/www.puntacaracol.com.pa\/","name":"Punta Caracol - Bocas Del Toro, Panama","description":"A floating hideaway in Bocas del Toro. Quiet, intimate, unforgettable.","publisher":{"@id":"https:\/\/www.puntacaracol.com.pa\/#organization"},"alternateName":"Punta Caracol","potentialAction":[{"@type":"SearchAction","target":{"@type":"EntryPoint","urlTemplate":"https:\/\/www.puntacaracol.com.pa\/?s={search_term_string}"},"query-input":{"@type":"PropertyValueSpecification","valueRequired":true,"valueName":"search_term_string"}}],"inLanguage":"es"},{"@type":"Organization","@id":"https:\/\/www.puntacaracol.com.pa\/#organization","name":"Punta Caracol","alternateName":"Punta Caracol Aqua Lodge","url":"https:\/\/www.puntacaracol.com.pa\/","logo":{"@type":"ImageObject","inLanguage":"es","@id":"https:\/\/www.puntacaracol.com.pa\/#\/schema\/logo\/image\/","url":"https:\/\/www.puntacaracol.com.pa\/wp-content\/uploads\/2026\/03\/Hotel-Punta-Caracol.png","contentUrl":"https:\/\/www.puntacaracol.com.pa\/wp-content\/uploads\/2026\/03\/Hotel-Punta-Caracol.png","width":112,"height":112,"caption":"Punta Caracol"},"image":{"@id":"https:\/\/www.puntacaracol.com.pa\/#\/schema\/logo\/image\/"},"sameAs":["https:\/\/www.facebook.com\/PuntaCaracolBocas\/?locale=es_LA","https:\/\/www.instagram.com\/puntacaracol.acqualodge\/"]}]}},"_links":{"self":[{"href":"https:\/\/www.puntacaracol.com.pa\/es\/wp-json\/wp\/v2\/pages\/1310","targetHints":{"allow":["GET"]}}],"collection":[{"href":"https:\/\/www.puntacaracol.com.pa\/es\/wp-json\/wp\/v2\/pages"}],"about":[{"href":"https:\/\/www.puntacaracol.com.pa\/es\/wp-json\/wp\/v2\/types\/page"}],"author":[{"embeddable":true,"href":"https:\/\/www.puntacaracol.com.pa\/es\/wp-json\/wp\/v2\/users\/3"}],"replies":[{"embeddable":true,"href":"https:\/\/www.puntacaracol.com.pa\/es\/wp-json\/wp\/v2\/comments?post=1310"}],"version-history":[{"count":6,"href":"https:\/\/www.puntacaracol.com.pa\/es\/wp-json\/wp\/v2\/pages\/1310\/revisions"}],"predecessor-version":[{"id":1323,"href":"https:\/\/www.puntacaracol.com.pa\/es\/wp-json\/wp\/v2\/pages\/1310\/revisions\/1323"}],"wp:attachment":[{"href":"https:\/\/www.puntacaracol.com.pa\/es\/wp-json\/wp\/v2\/media?parent=1310"}],"curies":[{"name":"wp","href":"https:\/\/api.w.org\/{rel}","templated":true}]}}